{"id":9,"date":"2024-09-18T11:24:16","date_gmt":"2024-09-18T09:24:16","guid":{"rendered":"https:\/\/luther21.ch\/?page_id=9"},"modified":"2026-03-17T16:59:25","modified_gmt":"2026-03-17T15:59:25","slug":"ueber-uns","status":"publish","type":"page","link":"https:\/\/buonanovella.com\/verlag\/it\/ueber-uns\/","title":{"rendered":"Chi siamo"},"content":{"rendered":"<div data-colibri-id=\"9-c1\" class=\"style-296 style-local-9-c1 position-relative\">\r\n  <!---->\r\n  <div data-colibri-component=\"section\" data-colibri-id=\"9-c2\" id=\"team-3\" class=\"h-section h-section-global-spacing d-flex align-items-lg-center align-items-md-center align-items-center style-767 style-local-9-c2 position-relative\">\r\n    <!---->\r\n    <!---->\r\n    <div class=\"h-section-grid-container h-section-boxed-container\">\r\n      <div data-colibri-id=\"9-c31\" class=\"h-row-container gutters-row-lg-2 gutters-row-md-2 gutters-row-0 gutters-row-v-lg-2 gutters-row-v-md-2 gutters-row-v-2 style-781 style-local-9-c31 position-relative\">\r\n        <!---->\r\n        <div class=\"h-row justify-content-lg-center justify-content-md-center justify-content-center align-items-lg-stretch align-items-md-stretch align-items-stretch gutters-col-lg-2 gutters-col-md-2 gutters-col-0 gutters-col-v-lg-2 gutters-col-v-md-2 gutters-col-v-2\">\r\n          <!---->\r\n          <div class=\"h-column h-column-container d-flex h-col-lg-auto h-col-md-auto h-col-auto style-782-outer style-local-9-c32-outer\">\r\n            <div data-colibri-id=\"9-c32\" class=\"d-flex h-flex-basis h-column__inner h-px-lg-2 h-px-md-2 h-px-2 v-inner-lg-2 v-inner-md-2 v-inner-2 style-782 style-local-9-c32 position-relative\">\r\n              <!---->\r\n              <!---->\r\n              <div class=\"w-100 h-y-container h-column__content h-column__v-align flex-basis-100 align-self-lg-start align-self-md-start align-self-start\">\r\n                <!---->\r\n                <div data-colibri-id=\"9-c33\" class=\"h-global-transition-all h-heading style-783 style-local-9-c33 position-relative h-element\">\r\n                  <!---->\r\n                  <div class=\"h-heading__outer style-783 style-local-9-c33\">\r\n                    <!---->\r\n                    <!---->\r\n                    <h2 class=\"\">Il nostro team<\/h2>\r\n                  <\/div>\r\n                <\/div>\r\n              <\/div>\r\n            <\/div>\r\n          <\/div>\r\n        <\/div>\r\n      <\/div>\r\n      <div data-colibri-id=\"9-c3\" class=\"h-row-container gutters-row-lg-2 gutters-row-md-2 gutters-row-0 gutters-row-v-lg-2 gutters-row-v-md-2 gutters-row-v-2 style-768 style-local-9-c3 position-relative\">\r\n        <!---->\r\n        <div class=\"h-row justify-content-lg-center justify-content-md-center justify-content-center align-items-lg-stretch align-items-md-stretch align-items-stretch gutters-col-lg-2 gutters-col-md-2 gutters-col-0 gutters-col-v-lg-2 gutters-col-v-md-2 gutters-col-v-2\">\r\n          <!---->\r\n          <div class=\"h-column h-column-container d-flex h-col-lg-3 h-col-md-6 h-col-12 style-769-outer style-local-9-c4-outer\">\r\n            <div data-colibri-id=\"9-c4\" class=\"d-flex h-flex-basis h-column__inner h-px-lg-0 h-px-md-0 h-px-0 v-inner-lg-0 v-inner-md-0 v-inner-0 style-769 style-local-9-c4 position-relative\">\r\n              <!---->\r\n              <!---->\r\n              <div class=\"w-100 h-y-container h-column__content h-column__v-align flex-basis-100 align-self-lg-start align-self-md-start align-self-start\">\r\n                <!---->\r\n                <div data-colibri-id=\"9-c5\" class=\"d-block style-775 style-local-9-c5 position-relative h-element\">\r\n                  <!---->\r\n                  <div class=\"h-image__frame-container-outer\">\r\n                    <div class=\"h-image__frame-container\">\r\n                      <!---->\r\n                      <!---->\r\n                      <img loading=\"lazy\" decoding=\"async\" width=\"305\" height=\"305\" src=\"http:\/\/buonanovella.com\/verlag\/wp-content\/uploads\/2024\/09\/cropped-cropped-Nonno-Bild-png.jpg\" class=\"wp-image-1864 style-775-image style-local-9-c5-image\" alt=\"\" srcset=\"https:\/\/buonanovella.com\/verlag\/wp-content\/uploads\/2024\/09\/cropped-cropped-Nonno-Bild-png.jpg 305w, https:\/\/buonanovella.com\/verlag\/wp-content\/uploads\/2024\/09\/cropped-cropped-Nonno-Bild-png-300x300.jpg 300w, https:\/\/buonanovella.com\/verlag\/wp-content\/uploads\/2024\/09\/cropped-cropped-Nonno-Bild-png-150x150.jpg 150w, https:\/\/buonanovella.com\/verlag\/wp-content\/uploads\/2024\/09\/cropped-cropped-Nonno-Bild-png-12x12.jpg 12w\" sizes=\"auto, (max-width: 305px) 100vw, 305px\" \/>\r\n                      <div class=\"h-image__frame h-hide-lg h-hide-md h-hide-sm style-775-frameImage style-local-9-c5-frameImage\"><\/div>\r\n                    <\/div>\r\n                  <\/div>\r\n                <\/div>\r\n                <div data-colibri-id=\"9-c6\" class=\"h-global-transition-all h-heading style-771 style-local-9-c6 position-relative h-element\">\r\n                  <!---->\r\n                  <div class=\"h-heading__outer style-771 style-local-9-c6\">\r\n                    <!---->\r\n                    <!---->\r\n                    <h4 class=\"\">Paulus Fischer<\/h4>\r\n                  <\/div>\r\n                <\/div>\r\n                <div data-colibri-id=\"9-c7\" class=\"h-text h-text-component style-772 style-local-9-c7 position-relative h-element\">\r\n                  <!---->\r\n                  <!---->\r\n                  <div class=\"\">\r\n                    <p><em style=\"font-weight: 400; font-size: 16px; font-family: &quot;Open Sans&quot;; color: rgb(23, 37, 42);\">Membro della direzione - Presidente onorario<\/em><\/p>\r\n                  <\/div>\r\n                <\/div>\r\n              <\/div>\r\n            <\/div>\r\n          <\/div>\r\n          <div class=\"h-column h-column-container d-flex h-col-lg-3 h-col-md-6 h-col-12 style-769-outer style-local-9-c8-outer\">\r\n            <div data-colibri-id=\"9-c8\" class=\"d-flex h-flex-basis h-column__inner h-px-lg-0 h-px-md-0 h-px-0 v-inner-lg-0 v-inner-md-0 v-inner-0 style-769 style-local-9-c8 position-relative\">\r\n              <!---->\r\n              <!---->\r\n              <div class=\"w-100 h-y-container h-column__content h-column__v-align flex-basis-100 align-self-lg-start align-self-md-start align-self-start\">\r\n                <!---->\r\n                <div data-colibri-id=\"9-c9\" class=\"d-block style-770 style-local-9-c9 position-relative h-element\">\r\n                  <!---->\r\n                  <div class=\"h-image__frame-container-outer\">\r\n                    <div class=\"h-image__frame-container\">\r\n                      <!---->\r\n                      <!---->\r\n                      <img loading=\"lazy\" decoding=\"async\" width=\"330\" height=\"330\" src=\"http:\/\/buonanovella.com\/verlag\/wp-content\/uploads\/2024\/09\/cropped-Luca_Bild_-1.jpg\" class=\"wp-image-1863 style-770-image style-local-9-c9-image\" alt=\"\" srcset=\"https:\/\/buonanovella.com\/verlag\/wp-content\/uploads\/2024\/09\/cropped-Luca_Bild_-1.jpg 330w, https:\/\/buonanovella.com\/verlag\/wp-content\/uploads\/2024\/09\/cropped-Luca_Bild_-1-300x300.jpg 300w, https:\/\/buonanovella.com\/verlag\/wp-content\/uploads\/2024\/09\/cropped-Luca_Bild_-1-150x150.jpg 150w, https:\/\/buonanovella.com\/verlag\/wp-content\/uploads\/2024\/09\/cropped-Luca_Bild_-1-12x12.jpg 12w\" sizes=\"auto, (max-width: 330px) 100vw, 330px\" \/>\r\n                      <div class=\"h-image__frame h-hide-lg h-hide-md h-hide-sm style-770-frameImage style-local-9-c9-frameImage\"><\/div>\r\n                    <\/div>\r\n                  <\/div>\r\n                <\/div>\r\n                <div data-colibri-id=\"9-c10\" class=\"h-global-transition-all h-heading style-771 style-local-9-c10 position-relative h-element\">\r\n                  <!---->\r\n                  <div class=\"h-heading__outer style-771 style-local-9-c10\">\r\n                    <!---->\r\n                    <!---->\r\n                    <h4 class=\"\">Gian-Luca Fischer<\/h4>\r\n                  <\/div>\r\n                <\/div>\r\n                <div data-colibri-id=\"9-c11\" class=\"h-text h-text-component style-772 style-local-9-c11 position-relative h-element\">\r\n                  <!---->\r\n                  <!---->\r\n                  <div class=\"\">\r\n                    <p><em style=\"font-weight: 400; font-size: 16px; font-family: &quot;Open Sans&quot;; color: rgb(23, 37, 42);\">CEO - Amministratore delegato<\/em><\/p>\r\n                  <\/div>\r\n                <\/div>\r\n              <\/div>\r\n            <\/div>\r\n          <\/div>\r\n          <div class=\"h-column h-column-container d-flex h-col-lg-3 h-col-md-6 h-col-12 style-769-outer style-local-9-c12-outer\">\r\n            <div data-colibri-id=\"9-c12\" class=\"d-flex h-flex-basis h-column__inner h-px-lg-0 h-px-md-0 h-px-0 v-inner-lg-0 v-inner-md-0 v-inner-0 style-769 style-local-9-c12 position-relative\">\r\n              <!---->\r\n              <!---->\r\n              <div class=\"w-100 h-y-container h-column__content h-column__v-align flex-basis-100 align-self-lg-start align-self-md-start align-self-start\">\r\n                <!---->\r\n                <div data-colibri-id=\"9-c13\" class=\"d-block style-777 style-local-9-c13 position-relative h-element\">\r\n                  <!---->\r\n                  <div class=\"h-image__frame-container-outer\">\r\n                    <div class=\"h-image__frame-container\">\r\n                      <!---->\r\n                      <!---->\r\n                      <img loading=\"lazy\" decoding=\"async\" width=\"329\" height=\"329\" src=\"http:\/\/buonanovella.com\/verlag\/wp-content\/uploads\/2024\/09\/cropped-Sarah_Bild_-1.jpg\" class=\"wp-image-1865 style-777-image style-local-9-c13-image\" alt=\"\" srcset=\"https:\/\/buonanovella.com\/verlag\/wp-content\/uploads\/2024\/09\/cropped-Sarah_Bild_-1.jpg 329w, https:\/\/buonanovella.com\/verlag\/wp-content\/uploads\/2024\/09\/cropped-Sarah_Bild_-1-300x300.jpg 300w, https:\/\/buonanovella.com\/verlag\/wp-content\/uploads\/2024\/09\/cropped-Sarah_Bild_-1-150x150.jpg 150w, https:\/\/buonanovella.com\/verlag\/wp-content\/uploads\/2024\/09\/cropped-Sarah_Bild_-1-12x12.jpg 12w\" sizes=\"auto, (max-width: 329px) 100vw, 329px\" \/>\r\n                      <div class=\"h-image__frame h-hide-lg h-hide-md h-hide-sm style-777-frameImage style-local-9-c13-frameImage\"><\/div>\r\n                    <\/div>\r\n                  <\/div>\r\n                <\/div>\r\n                <div data-colibri-id=\"9-c14\" class=\"h-global-transition-all h-heading style-771 style-local-9-c14 position-relative h-element\">\r\n                  <!---->\r\n                  <div class=\"h-heading__outer style-771 style-local-9-c14\">\r\n                    <!---->\r\n                    <!---->\r\n                    <h4 class=\"\">Sarah Fischer<\/h4>\r\n                  <\/div>\r\n                <\/div>\r\n                <div data-colibri-id=\"9-c15\" class=\"h-text h-text-component style-772 style-local-9-c15 position-relative h-element\">\r\n                  <!---->\r\n                  <!---->\r\n                  <div class=\"\">\r\n                    <p><em style=\"font-weight: 400; font-size: 16px; font-family: &quot;Open Sans&quot;; color: rgb(23, 37, 42);\">Assistente della direzione<\/em><\/p>\r\n                  <\/div>\r\n                <\/div>\r\n              <\/div>\r\n            <\/div>\r\n          <\/div>\r\n          <div class=\"h-column h-column-container d-flex h-col-lg-3 h-col-md-6 h-col-12 style-769-outer style-local-9-c16-outer\">\r\n            <div data-colibri-id=\"9-c16\" class=\"d-flex h-flex-basis h-column__inner h-px-lg-0 h-px-md-0 h-px-0 v-inner-lg-0 v-inner-md-0 v-inner-0 style-769 style-local-9-c16 position-relative\">\r\n              <!---->\r\n              <!---->\r\n              <div class=\"w-100 h-y-container h-column__content h-column__v-align flex-basis-100 align-self-lg-start align-self-md-start align-self-start\">\r\n                <!---->\r\n                <div data-colibri-id=\"9-c17\" class=\"d-block style-779 style-local-9-c17 position-relative h-element\">\r\n                  <!---->\r\n                  <div class=\"h-image__frame-container-outer\">\r\n                    <div class=\"h-image__frame-container\">\r\n                      <!---->\r\n                      <!---->\r\n                      <img loading=\"lazy\" decoding=\"async\" width=\"1918\" height=\"1918\" src=\"http:\/\/buonanovella.com\/verlag\/wp-content\/uploads\/2024\/11\/cropped-cropped-DSC01841-scaled-2.jpg\" class=\"wp-image-2076 style-779-image style-local-9-c17-image\" alt=\"\" srcset=\"https:\/\/buonanovella.com\/verlag\/wp-content\/uploads\/2024\/11\/cropped-cropped-DSC01841-scaled-2.jpg 1918w, https:\/\/buonanovella.com\/verlag\/wp-content\/uploads\/2024\/11\/cropped-cropped-DSC01841-scaled-2-300x300.jpg 300w, https:\/\/buonanovella.com\/verlag\/wp-content\/uploads\/2024\/11\/cropped-cropped-DSC01841-scaled-2-1024x1024.jpg 1024w, https:\/\/buonanovella.com\/verlag\/wp-content\/uploads\/2024\/11\/cropped-cropped-DSC01841-scaled-2-150x150.jpg 150w, https:\/\/buonanovella.com\/verlag\/wp-content\/uploads\/2024\/11\/cropped-cropped-DSC01841-scaled-2-768x768.jpg 768w, https:\/\/buonanovella.com\/verlag\/wp-content\/uploads\/2024\/11\/cropped-cropped-DSC01841-scaled-2-1536x1536.jpg 1536w, https:\/\/buonanovella.com\/verlag\/wp-content\/uploads\/2024\/11\/cropped-cropped-DSC01841-scaled-2-12x12.jpg 12w\" sizes=\"auto, (max-width: 1918px) 100vw, 1918px\" \/>\r\n                      <div class=\"h-image__frame h-hide-lg h-hide-md h-hide-sm style-779-frameImage style-local-9-c17-frameImage\"><\/div>\r\n                    <\/div>\r\n                  <\/div>\r\n                <\/div>\r\n                <div data-colibri-id=\"9-c18\" class=\"h-global-transition-all h-heading style-771 style-local-9-c18 position-relative h-element\">\r\n                  <!---->\r\n                  <div class=\"h-heading__outer style-771 style-local-9-c18\">\r\n                    <!---->\r\n                    <!---->\r\n                    <h4 class=\"\">Andrea T\u00e4nnler<\/h4>\r\n                  <\/div>\r\n                <\/div>\r\n                <div data-colibri-id=\"9-c19\" class=\"h-text h-text-component style-772 style-local-9-c19 position-relative h-element\">\r\n                  <!---->\r\n                  <!---->\r\n                  <div class=\"\">\r\n                    <p><em style=\"color: rgb(23, 37, 42); font-family: &quot;Open Sans&quot;; font-size: 16px; font-weight: 400;\">Esperta in media digitali<\/em><\/p>\r\n                  <\/div>\r\n                <\/div>\r\n              <\/div>\r\n            <\/div>\r\n          <\/div>\r\n        <\/div>\r\n      <\/div>\r\n      <div data-colibri-id=\"9-c20\" class=\"h-row-container gutters-row-lg-2 gutters-row-md-2 gutters-row-0 gutters-row-v-lg-2 gutters-row-v-md-2 gutters-row-v-2 style-768 style-local-9-c20 position-relative\">\r\n        <!---->\r\n        <div class=\"h-row justify-content-lg-center justify-content-md-center justify-content-center align-items-lg-stretch align-items-md-stretch align-items-stretch gutters-col-lg-2 gutters-col-md-2 gutters-col-0 gutters-col-v-lg-2 gutters-col-v-md-2 gutters-col-v-2\">\r\n          <!---->\r\n          <div class=\"h-column h-column-container d-flex h-col-lg-3 h-col-md-6 h-col-12 style-769-outer style-local-9-c29-outer\">\r\n            <div data-colibri-id=\"9-c29\" class=\"d-flex h-flex-basis h-column__inner h-ui-empty-state-container h-px-lg-0 h-px-md-0 h-px-0 v-inner-lg-0 v-inner-md-0 v-inner-0 style-769 style-local-9-c29 position-relative\">\r\n              <!---->\r\n              <!---->\r\n              <div class=\"w-100 h-y-container h-column__content h-column__v-align flex-basis-100\">\r\n                <!---->\r\n              <\/div>\r\n            <\/div>\r\n          <\/div>\r\n          <div class=\"h-column h-column-container d-flex h-col-lg-3 h-col-md-6 h-col-12 style-769-outer style-local-9-c30-outer\">\r\n            <div data-colibri-id=\"9-c30\" class=\"d-flex h-flex-basis h-column__inner h-ui-empty-state-container h-px-lg-0 h-px-md-0 h-px-0 v-inner-lg-0 v-inner-md-0 v-inner-0 style-769 style-local-9-c30 position-relative\">\r\n              <!---->\r\n              <!---->\r\n              <div class=\"w-100 h-y-container h-column__content h-column__v-align flex-basis-100\">\r\n                <!---->\r\n              <\/div>\r\n            <\/div>\r\n          <\/div>\r\n        <\/div>\r\n      <\/div>\r\n    <\/div>\r\n  <\/div>\r\n  <div data-colibri-component=\"section\" data-colibri-id=\"9-c34\" id=\"about\" class=\"h-section h-section-global-spacing d-flex align-items-lg-center align-items-md-center align-items-center style-886 style-local-9-c34 position-relative\">\r\n    <!---->\r\n    <!---->\r\n    <div class=\"h-section-grid-container h-section-boxed-container\">\r\n      <!---->\r\n      <div data-colibri-id=\"9-c35\" class=\"h-row-container gutters-row-lg-0 gutters-row-md-0 gutters-row-2 gutters-row-v-lg-0 gutters-row-v-md-0 gutters-row-v-0 style-887 style-local-9-c35 position-relative\">\r\n        <!---->\r\n        <div class=\"h-row justify-content-lg-center justify-content-md-center justify-content-center align-items-lg-stretch align-items-md-stretch align-items-stretch gutters-col-lg-0 gutters-col-md-0 gutters-col-2 gutters-col-v-lg-0 gutters-col-v-md-0 gutters-col-v-0\">\r\n          <!---->\r\n          <div class=\"h-column h-column-container d-flex h-col-lg-auto h-col-md-auto h-col-auto style-888-outer style-local-9-c36-outer\">\r\n            <div data-colibri-id=\"9-c36\" class=\"d-flex h-flex-basis h-column__inner h-px-lg-2 h-px-md-2 h-px-2 v-inner-lg-2 v-inner-md-2 v-inner-2 style-888 style-local-9-c36 position-relative\">\r\n              <!---->\r\n              <!---->\r\n              <div class=\"w-100 h-y-container h-column__content h-column__v-align flex-basis-100 align-self-lg-center align-self-md-center align-self-center\">\r\n                <!---->\r\n                <div data-colibri-id=\"9-c37\" class=\"h-global-transition-all h-heading style-890 style-local-9-c37 position-relative h-element\">\r\n                  <!---->\r\n                  <div class=\"h-heading__outer style-890 style-local-9-c37\">\r\n                    <!---->\r\n                    <!---->\r\n                    <h2 class=\"\"><span style=\"font-family: &quot;Open Sans&quot;; color: rgb(0, 90, 125);\">Cronologia<\/span><\/h2>\r\n                  <\/div>\r\n                <\/div>\r\n                <div data-colibri-id=\"9-c38\" class=\"h-text h-text-component style-891 style-local-9-c38 position-relative h-element\">\r\n                  <!---->\r\n                  <!---->\r\n                  <div class=\"\">\r\n                    <p><span style=\"color: rgb(206, 174, 115);\">1965<\/span> Bible College Edinburgh Scozia \u2013 Riconoscimento dell'importanza del \u201cTextus Receptus\u201d come testo originale greco del Nuovo Testamento.<\/p>\r\n                    <p><span style=\"color: rgb(206, 174, 115);\">1966<\/span> Primo contatto in Sicilia con la Bibbia Diodati: L'italiano \u00e8 molto arcaico, la Bibbia dovrebbe essere rivista, visto che il testo originale di questa traduzione \u00e8 il \u201cTextus Receptus\u201d.<\/p>\r\n                    <p><span style=\"color: rgb(206, 174, 115);\">1969<\/span> Inizio della missione pionieristica in Puglia, Italia meridionale.<\/p>\r\n                    <p><span style=\"color: rgb(206, 174, 115);\">1970<\/span> Viene fondata la casa editrice missionaria \u201cLa Buona Novella\u201d, che pubblica opuscoli evangelistici, alcuni libri di testimonianze e altro.<\/p>\r\n                    <p><span style=\"color: rgb(206, 174, 115);\">1982-1985<\/span> Raccolta di informazioni per la revisione linguistica della Bibbia italiana del Prof. Giovanni Diodati (1576-1649), docente di ebraico all'Universit\u00e0 di Calvino a Ginevra.<\/p>\r\n                    <p><span style=\"color: rgb(206, 174, 115);\">1985<\/span> Nella zona di Napoli si forma un comitato di predicatori, teologi e linguisti con la supervisione di Paulus Fischer come responsabile del lavoro di revisione biblica.<\/p>\r\n                    <p><span style=\"color: rgb(206, 174, 115);\">1986<\/span> LBN wird ein Bible Publishing House, ein Bibelverlag und druckt das revidierte Markusevangelium, als Musterevangelium, des revidierten Textes, sehr ansprechendes Layout, mit Parallelstellen\r\n                      im Text sowie jeder Vers hat Neuanfang.<\/p>\r\n                    <p><span style=\"color: rgb(206, 174, 115);\">1987<\/span> Pubblicazione dei quattro Vangeli e degli Atti degli Apostoli.<\/p>\r\n                    <p><span style=\"color: rgb(206, 174, 115);\">1989<\/span> Prima edizione in formato grande del Nuovo Testamento con i Salmi.<\/p>\r\n                    <p><span style=\"color: rgb(206, 174, 115);\">1991<\/span> Die Vision wird Realit\u00e4t, die ganze Neue Diodati Bibel so ihr Name, erscheint in 3 Formaten mit einem Lexikon im Anhang und 12 Landkarten mit Goldschnitt Versionen, erschwinglich\r\n                      f\u00fcr jedermann.<\/p>\r\n                    <p><span style=\"color: rgb(206, 174, 115);\">1991-1994<\/span> Die Nuova Diodati wird vom Italienischen ins Albanische \u00fcbersetzt und mit den griechischen und hebr\u00e4ischen Urtexten verglichen, ihr Name Bibel Diodati i Rl, daraus entstand\r\n                      die Albanische Bibel Gesellschaft in Tiran\u00eb (Soq\u00ebria Biblike Skqiptare).<\/p>\r\n                    <p><span style=\"color: rgb(206, 174, 115);\">1994<\/span> Erscheint im Bibelverlag &#8222;La Buona Novella&#8220; di Brindisi IT, das B\u00fcchlein &#8211; 4 Evangelien und Apostelgeschichte, auf Deutsch, eine sprachlich revidierte Luther 1912, die letzte TR\r\n                      Luther Bibel. Die Vision geht weiter TR f\u00fcr die deutsche Lutherbibel. 1998 erscheint das ganze Luther 12 NT revidiert, dann eine ganze Bibel: AT Luther 12, NT revidiert.<\/p>\r\n                    <p><span style=\"color: rgb(206, 174, 115);\">2001<\/span> LBN erwirbt von Kirkbride in Indianapolis USA das Copyright der Neuen Thompson f\u00fcr Italienisch, Deutsch, Albanisch, Rum\u00e4nisch, Russisch, Englisch, Spanisch, Franz\u00f6sisch, Hebr\u00e4isch,\r\n                      Griechisch.<\/p>\r\n                    <p><span style=\"color: rgb(206, 174, 115);\">2002<\/span> La sede centrale della \u201cLa Buona Novella\u201d si trova dal 2002 a Wollerau, in Svizzera, sul Lago di Zurigo.<\/p>\r\n                    <p><span style=\"color: rgb(206, 174, 115);\">2007-2008<\/span> L'Antico Testamento della \u201cLuther 1912\u201d viene rivisto da esperti tedeschi e anche il Nuovo Testamento viene adattato alla nuova ortografia tedesca.<\/p>\r\n                    <p><span style=\"color: rgb(206, 174, 115);\">2009<\/span> Il coronamento del lavoro: la casa editrice \u201cLa Buona Novella\u201d pubblica in tedesco la Bibbia \u201cNeueLuther\u201d, l\u2019intera Bibbia di Lutero rivista con il Nuovo Testamento che si basa sempre sul \u201cTextus Receptus\u201d.<\/p>\r\n                    <p><span style=\"color: rgb(206, 174, 115);\">2014-2016<\/span> La Bibbia \u201cNeueLuther\u201d viene leggermente rielaborata per avvicinarsi ancora di pi\u00f9 al testo originale.<\/p>\r\n                    <p><span style=\"color: rgb(206, 174, 115);\">2016<\/span> Cambio generazionale: Luca Fischer, figlio di Paulus Fischer, diventa il nuovo amministratore delegato (CEO), Paulus Fischer rimane CFO e supporta suo figlio dove necessario.<\/p>\r\n                    <p><span style=\"color: rgb(206, 174, 115);\">2017<\/span> LBN deve cambiare nome alla Bibbia a seguito di determinate circostanze e \u201cNeueLuther\u201d diventa \u201cLuther21\u201d.<\/p>\r\n                    <p><span style=\"color: rgb(206, 174, 115);\">2018<\/span> Dal 1\u00b0 marzo la nuova sede legale \u00e8 Lindenmattstrasse 10, 6343 Rotkreuz, ZG.<\/p>\r\n                  <\/div>\r\n                <\/div>\r\n              <\/div>\r\n            <\/div>\r\n          <\/div>\r\n        <\/div>\r\n      <\/div>\r\n    <\/div>\r\n  <\/div>\r\n<\/div>","protected":false},"excerpt":{"rendered":"<p>Unser Team Paulus Fischer Mitglied der Gesch\u00e4ftsleitung &#8211; Ehrenpr\u00e4sident Gian-Luca Fischer CEO &#8211; Gesch\u00e4ftsf\u00fchrer Sarah Fischer Assistenz der Gesch\u00e4ftsleitung Andrea T\u00e4nnler Mediamatikerin Zeitleiste 1965 Bible College Edinburgh Schottland &#8211; Erkenntnis, dass der TR Textus Receptus ein wichtiger Urtext ist. 1966 Erster Kontakt in Sizilien mit der Diodati Bibel, das Italienisch ist sehr alt, die Bibel [&hellip;]<\/p>","protected":false},"author":2,"featured_media":0,"parent":0,"menu_order":0,"comment_status":"closed","ping_status":"closed","template":"page-templates\/full-width-page.php","meta":{"footnotes":""},"class_list":["post-9","page","type-page","status-publish","hentry"],"_links":{"self":[{"href":"https:\/\/buonanovella.com\/verlag\/it\/wp-json\/wp\/v2\/pages\/9","targetHints":{"allow":["GET"]}}],"collection":[{"href":"https:\/\/buonanovella.com\/verlag\/it\/wp-json\/wp\/v2\/pages"}],"about":[{"href":"https:\/\/buonanovella.com\/verlag\/it\/wp-json\/wp\/v2\/types\/page"}],"author":[{"embeddable":true,"href":"https:\/\/buonanovella.com\/verlag\/it\/wp-json\/wp\/v2\/users\/2"}],"replies":[{"embeddable":true,"href":"https:\/\/buonanovella.com\/verlag\/it\/wp-json\/wp\/v2\/comments?post=9"}],"version-history":[{"count":20,"href":"https:\/\/buonanovella.com\/verlag\/it\/wp-json\/wp\/v2\/pages\/9\/revisions"}],"predecessor-version":[{"id":2078,"href":"https:\/\/buonanovella.com\/verlag\/it\/wp-json\/wp\/v2\/pages\/9\/revisions\/2078"}],"wp:attachment":[{"href":"https:\/\/buonanovella.com\/verlag\/it\/wp-json\/wp\/v2\/media?parent=9"}],"curies":[{"name":"wp","href":"https:\/\/api.w.org\/{rel}","templated":true}]}}