{"id":2134,"date":"2026-01-29T15:01:25","date_gmt":"2026-01-29T14:01:25","guid":{"rendered":"https:\/\/buonanovella.com\/verlag\/?page_id=2134"},"modified":"2026-01-29T15:40:43","modified_gmt":"2026-01-29T14:40:43","slug":"nuova-diodati","status":"publish","type":"page","link":"https:\/\/buonanovella.com\/verlag\/it\/nuova-diodati\/","title":{"rendered":"Nuova Diodati"},"content":{"rendered":"<div data-colibri-id=\"2134-c1\" class=\"style-914 style-local-2134-c1 position-relative\">\n  <!---->\n  <div data-colibri-component=\"section\" data-colibri-id=\"2134-c2\" id=\"reusable-sections\" class=\"h-section h-section-global-spacing d-flex align-items-lg-center align-items-md-center align-items-center style-915 style-local-2134-c2 position-relative\">\n    <div class=\"background-wrapper\">\n      <div class=\"background-layer background-layer-media-container-lg\">\n        <!---->\n        <div class=\"overlay-layer\">\n          <div class=\"overlay-image-layer\" style=\"background-image: linear-gradient(94deg, rgb(240, 224, 193) 26%, rgba(69, 58, 148, 0) 40%);\"><\/div>\n        <\/div>\n      <\/div>\n      <div class=\"background-layer background-layer-media-container-md\">\n        <!---->\n        <div class=\"overlay-layer\">\n          <div class=\"overlay-image-layer\" style=\"background-image: linear-gradient(94deg, rgb(240, 224, 193) 26%, rgba(69, 58, 148, 0) 40%);\"><\/div>\n        <\/div>\n      <\/div>\n      <div class=\"background-layer background-layer-media-container\">\n        <!---->\n        <div class=\"overlay-layer\">\n          <div class=\"overlay-image-layer\" style=\"background-image: linear-gradient(94deg, rgb(240, 224, 193) 26%, rgba(69, 58, 148, 0) 40%);\"><\/div>\n        <\/div>\n      <\/div>\n    <\/div>\n    <!---->\n    <div class=\"h-section-grid-container h-section-boxed-container\">\n      <!---->\n      <div data-colibri-id=\"2134-c3\" class=\"h-row-container gutters-row-lg-2 gutters-row-md-2 gutters-row-2 gutters-row-v-lg-2 gutters-row-v-md-2 gutters-row-v-2 style-916 style-local-2134-c3 position-relative\">\n        <!---->\n        <div class=\"h-row justify-content-lg-start justify-content-md-start justify-content-start align-items-lg-stretch align-items-md-stretch align-items-stretch gutters-col-lg-2 gutters-col-md-2 gutters-col-2 gutters-col-v-lg-2 gutters-col-v-md-2 gutters-col-v-2\">\n          <!---->\n          <div class=\"h-column h-column-container d-flex h-col-lg-auto h-col-md-auto h-col-auto style-917-outer style-local-2134-c4-outer\">\n            <div data-colibri-id=\"2134-c4\" class=\"d-flex h-flex-basis h-column__inner h-px-lg-0 h-px-md-0 h-px-0 v-inner-lg-0 v-inner-md-0 v-inner-0 style-917 style-local-2134-c4 position-relative\">\n              <!---->\n              <!---->\n              <div class=\"w-100 h-y-container h-column__content h-column__v-align flex-basis-100 align-self-lg-center align-self-md-center align-self-center\">\n                <!---->\n                <div data-colibri-id=\"2134-c5\" class=\"h-global-transition-all h-heading style-918 style-local-2134-c5 position-relative h-element\">\n                  <!---->\n                  <div class=\"h-heading__outer style-918 style-local-2134-c5\">\n                    <!---->\n                    <!---->\n                    <h6 class=\"\"><span style=\"color: rgb(240, 224, 193);\">Informazioni<\/span><\/h6>\n                  <\/div>\n                <\/div>\n                <div data-colibri-id=\"2134-c6\" class=\"h-global-transition-all h-heading style-919 style-local-2134-c6 position-relative h-element\">\n                  <!---->\n                  <div class=\"h-heading__outer style-919 style-local-2134-c6\">\n                    <!---->\n                    <!---->\n                    <h2 class=\"\"><span style=\"color: rgb(240, 224, 193);\">Ordine e<br> consegna<br> Nuova Diodati<\/span><\/h2>\n                  <\/div>\n                <\/div>\n              <\/div>\n            <\/div>\n          <\/div>\n        <\/div>\n      <\/div>\n    <\/div>\n  <\/div>\n  <div data-colibri-component=\"section\" data-colibri-id=\"2134-c7\" id=\"reusable-sections-2\" class=\"h-section h-section-global-spacing d-flex align-items-lg-center align-items-md-center align-items-center style-922 style-local-2134-c7 position-relative\">\n    <!---->\n    <!---->\n    <div class=\"h-section-grid-container h-section-boxed-container\">\n      <div data-colibri-id=\"2134-c12\" class=\"h-row-container gutters-row-lg-2 gutters-row-md-2 gutters-row-2 gutters-row-v-lg-2 gutters-row-v-md-2 gutters-row-v-2 style-927 style-local-2134-c12 position-relative\">\n        <!---->\n        <div class=\"h-row justify-content-lg-center justify-content-md-center justify-content-center align-items-lg-stretch align-items-md-stretch align-items-stretch gutters-col-lg-2 gutters-col-md-2 gutters-col-2 gutters-col-v-lg-2 gutters-col-v-md-2 gutters-col-v-2\">\n          <!---->\n          <div class=\"h-column h-column-container d-flex h-col-lg-auto h-col-md-auto h-col-auto style-928-outer style-local-2134-c13-outer\">\n            <div data-colibri-id=\"2134-c13\" class=\"d-flex h-flex-basis h-column__inner h-px-lg-2 h-px-md-2 h-px-2 v-inner-lg-2 v-inner-md-2 v-inner-2 style-928 style-local-2134-c13 position-relative\">\n              <!---->\n              <!---->\n              <div class=\"w-100 h-y-container h-column__content h-column__v-align flex-basis-100 align-self-lg-start align-self-md-start align-self-start\">\n                <!---->\n                <div data-colibri-id=\"2134-c14\" class=\"h-lead h-text h-text-component style-929 style-local-2134-c14 position-relative h-element\">\n                  <!---->\n                  <!---->\n                  <div class=\"\">\n                    <p><span style=\"color: rgb(0, 65, 88);\">CLC Italia \u00e8 responsabile della spedizione delle&nbsp;<\/span><em style=\"color: rgb(0, 65, 88);\">Nuova Diodati<\/em><span style=\"color: rgb(0, 65, 88);\">Bibbie Nuova Diodati. La spedizione avviene sia in Italia che in Svizzera.<\/span><\/p>\n                    <p><span style=\"color: rgb(0, 65, 88);\">Potete effettuare il vostro ordine direttamente tramite il negozio online di CLC (<\/span>\n                      <a href=\"https:\/\/clcsvizzera.com\/products\/search-products?SearchNodeId=1&amp;sq=Nuova%20Diodati\"\n                        class=\"customize-unpreviewable\" style=\"color: rgb(0, 90, 125);\" draggable=\"false\">Negozio Svizzera<\/a><span style=\"color: rgb(0, 90, 125);\">,&nbsp;<\/span>\n                      <a href=\"https:\/\/clcitaly.com\/search\/products?sq=nuova%20diodati\" class=\"customize-unpreviewable\" style=\"color: rgb(0, 90, 125);\" draggable=\"false\">Negozio Italia )<\/a><span style=\"color: rgb(0, 65, 88);\">. Qui troverete le edizioni disponibili e ulteriori informazioni sulla consegna e sulle condizioni.<\/span><\/p>\n                    <p><span style=\"color: rgb(0, 65, 88);\">Parallelamente, stiamo lavorando intensamente a una nuova revisione della traduzione. Nel frattempo, per\u00f2, verr\u00e0 pubblicata un'altra edizione con la traduzione attuale.<\/span><\/p>\n                    <p><span style=\"color: rgb(0, 65, 88);\">Non appena ci saranno novit\u00e0, vi informeremo qui sul nostro sito web, sui nostri canali social (labuonanovellainc_it) o tramite newsletter.<\/span><\/p>\n                  <\/div>\n                <\/div>\n              <\/div>\n            <\/div>\n          <\/div>\n        <\/div>\n      <\/div>\n      <div data-colibri-id=\"2134-c8\" class=\"h-row-container gutters-row-lg-2 gutters-row-md-2 gutters-row-0 gutters-row-v-lg-2 gutters-row-v-md-2 gutters-row-v-2 style-923 style-local-2134-c8 position-relative\">\n        <!---->\n        <div class=\"h-row justify-content-lg-center justify-content-md-center justify-content-center align-items-lg-stretch align-items-md-stretch align-items-stretch gutters-col-lg-2 gutters-col-md-2 gutters-col-0 gutters-col-v-lg-2 gutters-col-v-md-2 gutters-col-v-2\">\n          <!---->\n          <div class=\"h-column h-column-container d-flex h-col-lg-auto h-col-md-auto h-col-auto style-924-outer style-local-2134-c9-outer\">\n            <div data-colibri-id=\"2134-c9\" class=\"d-flex h-flex-basis h-column__inner h-px-lg-2 h-px-md-2 h-px-2 v-inner-lg-2 v-inner-md-2 v-inner-2 style-924 style-local-2134-c9 position-relative\">\n              <!---->\n              <!---->\n              <div class=\"w-100 h-y-container h-column__content h-column__v-align flex-basis-100 align-self-lg-start align-self-md-start align-self-start\">\n                <!---->\n                <div data-colibri-id=\"2134-c10\" class=\"h-x-container style-925 style-local-2134-c10 position-relative h-element\">\n                  <!---->\n                  <div class=\"h-x-container-inner style-dynamic-2134-c10-group style-925-spacing style-local-2134-c10-spacing\"><span class=\"h-button__outer style-926-outer style-local-2134-c11-outer d-inline-flex h-element\"><a h-use-smooth-scroll=\"true\" href=\"https:\/\/buonanovella.com\/Informationen\/Newsletter\/\" target=\"_blank\"  data-colibri-id=\"2134-c11\" class=\"d-flex w-100 align-items-center h-button justify-content-lg-center justify-content-md-center justify-content-center style-926 style-local-2134-c11 position-relative\"><!----><!----> <span>Iscriviti alla newsletter<\/span><\/a>\n                    <\/span>\n                  <\/div>\n                <\/div>\n              <\/div>\n            <\/div>\n          <\/div>\n        <\/div>\n      <\/div>\n    <\/div>\n  <\/div>\n<\/div>","protected":false},"excerpt":{"rendered":"<p>Information Bestellung &amp; Lieferung Nuova Diodati Aktuell ist&nbsp;CLC Italien&nbsp;f\u00fcr den Versand der&nbsp;Nuova Diodati-Bibeln zust\u00e4ndig. Der Versand erfolgt sowohl&nbsp;innerhalb Italiens&nbsp;als auch&nbsp;in die Schweiz. Gerne k\u00f6nnen Sie Ihre Bestellung direkt \u00fcber den&nbsp;jeweiligen Online-Shop von CLC&nbsp;( Shop Schweiz,&nbsp; Shop Italien) aufgeben. Dort finden Sie die verf\u00fcgbaren Ausgaben sowie weitere Informationen zu Lieferung und Konditionen. Parallel dazu arbeiten wir&nbsp;mit [&hellip;]<\/p>","protected":false},"author":3,"featured_media":0,"parent":0,"menu_order":0,"comment_status":"closed","ping_status":"closed","template":"page-templates\/full-width-page.php","meta":{"footnotes":""},"class_list":["post-2134","page","type-page","status-publish","hentry"],"_links":{"self":[{"href":"https:\/\/buonanovella.com\/verlag\/it\/wp-json\/wp\/v2\/pages\/2134","targetHints":{"allow":["GET"]}}],"collection":[{"href":"https:\/\/buonanovella.com\/verlag\/it\/wp-json\/wp\/v2\/pages"}],"about":[{"href":"https:\/\/buonanovella.com\/verlag\/it\/wp-json\/wp\/v2\/types\/page"}],"author":[{"embeddable":true,"href":"https:\/\/buonanovella.com\/verlag\/it\/wp-json\/wp\/v2\/users\/3"}],"replies":[{"embeddable":true,"href":"https:\/\/buonanovella.com\/verlag\/it\/wp-json\/wp\/v2\/comments?post=2134"}],"version-history":[{"count":6,"href":"https:\/\/buonanovella.com\/verlag\/it\/wp-json\/wp\/v2\/pages\/2134\/revisions"}],"predecessor-version":[{"id":2171,"href":"https:\/\/buonanovella.com\/verlag\/it\/wp-json\/wp\/v2\/pages\/2134\/revisions\/2171"}],"wp:attachment":[{"href":"https:\/\/buonanovella.com\/verlag\/it\/wp-json\/wp\/v2\/media?parent=2134"}],"curies":[{"name":"wp","href":"https:\/\/api.w.org\/{rel}","templated":true}]}}