{"id":105,"date":"2024-09-18T13:42:31","date_gmt":"2024-09-18T11:42:31","guid":{"rendered":"https:\/\/luther21.ch\/?page_id=105"},"modified":"2026-03-17T15:41:11","modified_gmt":"2026-03-17T14:41:11","slug":"unterstuetzen","status":"publish","type":"page","link":"https:\/\/buonanovella.com\/verlag\/it\/unterstuetzen\/","title":{"rendered":"Finanziare"},"content":{"rendered":"<div data-colibri-id=\"105-c1\" class=\"style-441 style-local-105-c1 position-relative\">\n  <!---->\n  <div data-colibri-component=\"section\" data-colibri-id=\"105-c2\" id=\"custom-2\" class=\"h-section h-section-global-spacing d-flex align-items-lg-center align-items-md-center align-items-center style-467 style-local-105-c2 position-relative\">\n    <!---->\n    <!---->\n    <div class=\"h-section-grid-container h-section-boxed-container\">\n      <!---->\n      <div data-colibri-id=\"105-c3\" class=\"h-row-container gutters-row-lg-2 gutters-row-md-2 gutters-row-0 gutters-row-v-lg-2 gutters-row-v-md-2 gutters-row-v-2 style-478 style-local-105-c3 position-relative\">\n        <!---->\n        <div class=\"h-row justify-content-lg-center justify-content-md-center justify-content-center align-items-lg-stretch align-items-md-stretch align-items-stretch gutters-col-lg-2 gutters-col-md-2 gutters-col-0 gutters-col-v-lg-2 gutters-col-v-md-2 gutters-col-v-2\">\n          <!---->\n          <div class=\"h-column h-column-container d-flex h-col-lg-auto h-col-md-auto h-col-auto style-479-outer style-local-105-c4-outer\">\n            <div data-colibri-id=\"105-c4\" class=\"d-flex h-flex-basis h-column__inner h-px-lg-2 h-px-md-2 h-px-2 v-inner-lg-2 v-inner-md-2 v-inner-2 style-479 style-local-105-c4 position-relative\">\n              <!---->\n              <!---->\n              <div class=\"w-100 h-y-container h-column__content h-column__v-align flex-basis-100 align-self-lg-start align-self-md-start align-self-start\">\n                <!---->\n                <div data-colibri-id=\"105-c5\" class=\"h-lead h-text h-text-component style-466 style-local-105-c5 position-relative h-element\">\n                  <!---->\n                  <!---->\n                  <div class=\"\">\n                    <h6>\n                      <br>\n                    <\/h6>\n                    <p>Mit Ihrer Spende unterst\u00fctzen Sie die christliche Literaturarbeit der La Buona Novella GmbH.\n                      <br>Vielen Dank f\u00fcr Ihre Hilfe, die Verbreitung der Bibel weltweit zu erm\u00f6glichen.<\/p>\n                    <p>\n                      <br>\n                    <\/p>\n                  <\/div>\n                <\/div>\n              <\/div>\n            <\/div>\n          <\/div>\n        <\/div>\n      <\/div>\n      <div data-colibri-id=\"105-c6\" class=\"h-row-container gutters-row-lg-0 gutters-row-md-0 gutters-row-0 gutters-row-v-lg-0 gutters-row-v-md-0 gutters-row-v-0 style-468 style-local-105-c6 position-relative\">\n        <!---->\n        <div class=\"h-row justify-content-lg-center justify-content-md-center justify-content-center align-items-lg-stretch align-items-md-stretch align-items-stretch gutters-col-lg-0 gutters-col-md-0 gutters-col-0 gutters-col-v-lg-0 gutters-col-v-md-0 gutters-col-v-0\">\n          <!---->\n          <div class=\"h-column h-column-container d-flex h-col-lg-auto h-col-md-auto h-col-auto style-469-outer style-local-105-c7-outer\">\n            <div data-colibri-id=\"105-c7\" class=\"d-flex h-flex-basis h-column__inner h-px-lg-2 h-px-md-2 h-px-2 v-inner-lg-2 v-inner-md-2 v-inner-2 style-469 style-local-105-c7 position-relative\">\n              <!---->\n              <!---->\n              <div class=\"w-100 h-y-container h-column__content h-column__v-align flex-basis-100 align-self-lg-start align-self-md-start align-self-start\">\n                <!---->\n                <div data-colibri-id=\"105-c8\" class=\"h-global-transition-all h-heading style-470 style-local-105-c8 position-relative h-element\">\n                  <!---->\n                  <div class=\"h-heading__outer style-470 style-local-105-c8\">\n                    <!---->\n                    <!---->\n                    <h1 class=\"\"><span style=\"font-size: 77%;\">CONTO DONAZIONI<\/span><\/h1>\n                  <\/div>\n                <\/div>\n              <\/div>\n            <\/div>\n          <\/div>\n        <\/div>\n      <\/div>\n      <div data-colibri-id=\"105-c9\" class=\"h-row-container gutters-row-lg-2 gutters-row-md-2 gutters-row-0 gutters-row-v-lg-2 gutters-row-v-md-2 gutters-row-v-2 style-474 style-local-105-c9 position-relative\">\n        <!---->\n        <div class=\"h-row justify-content-lg-center justify-content-md-center justify-content-center align-items-lg-stretch align-items-md-stretch align-items-stretch gutters-col-lg-2 gutters-col-md-2 gutters-col-0 gutters-col-v-lg-2 gutters-col-v-md-2 gutters-col-v-2\">\n          <!---->\n          <div class=\"h-column h-column-container d-flex h-col-lg-auto h-col-md-auto h-col-auto style-475-outer style-local-105-c10-outer\">\n            <div data-colibri-id=\"105-c10\" class=\"d-flex h-flex-basis h-column__inner h-px-lg-2 h-px-md-2 h-px-2 v-inner-lg-2 v-inner-md-2 v-inner-2 style-475 style-local-105-c10 position-relative\">\n              <!---->\n              <!---->\n              <div class=\"w-100 h-y-container h-column__content h-column__v-align flex-basis-100 align-self-lg-start align-self-md-start align-self-start\">\n                <!---->\n                <div data-colibri-id=\"105-c11\" class=\"h-text h-text-component style-476 style-local-105-c11 position-relative h-element\">\n                  <!---->\n                  <!---->\n                  <div class=\"\">\n                    <p><span style=\"font-weight: 600;\">Donazioni dalla Svizzera in CHF<\/span><\/p>\n                    <p>IBAN: CH94 0077 7004 1637 7104 8\n                      <br>Kantonalbank Schwyz, CH-6343 Rotkreuz\n                      <br>A favore di: La Buona Novella GmbH, CH-6343 Rotkreuz<\/p>\n                  <\/div>\n                <\/div>\n                <div data-colibri-id=\"105-c12\" class=\"d-block style-909 style-local-105-c12 position-relative h-element\">\n                  <!---->\n                  <div class=\"h-image__frame-container-outer\">\n                    <div class=\"h-image__frame-container\">\n                      <!---->\n                      <!---->\n                      <img loading=\"lazy\" decoding=\"async\" width=\"546\" height=\"546\" src=\"http:\/\/buonanovella.com\/verlag\/wp-content\/uploads\/2025\/12\/cropped-QR_Code_Einzahlung.png\" class=\"wp-image-2097 style-909-image style-local-105-c12-image\" alt=\"\" srcset=\"https:\/\/buonanovella.com\/verlag\/wp-content\/uploads\/2025\/12\/cropped-QR_Code_Einzahlung.png 546w, https:\/\/buonanovella.com\/verlag\/wp-content\/uploads\/2025\/12\/cropped-QR_Code_Einzahlung-300x300.png 300w, https:\/\/buonanovella.com\/verlag\/wp-content\/uploads\/2025\/12\/cropped-QR_Code_Einzahlung-150x150.png 150w, https:\/\/buonanovella.com\/verlag\/wp-content\/uploads\/2025\/12\/cropped-QR_Code_Einzahlung-12x12.png 12w\" sizes=\"auto, (max-width: 546px) 100vw, 546px\" \/>\n                      <div class=\"h-image__frame h-hide-lg h-hide-md h-hide-sm style-909-frameImage style-local-105-c12-frameImage\"><\/div>\n                    <\/div>\n                  <\/div>\n                <\/div>\n              <\/div>\n            <\/div>\n          <\/div>\n        <\/div>\n      <\/div>\n      <div data-colibri-id=\"105-c13\" class=\"h-row-container gutters-row-lg-2 gutters-row-md-2 gutters-row-0 gutters-row-v-lg-2 gutters-row-v-md-2 gutters-row-v-2 style-912 style-local-105-c13 position-relative\">\n        <!---->\n        <div class=\"h-row justify-content-lg-center justify-content-md-center justify-content-center align-items-lg-stretch align-items-md-stretch align-items-stretch gutters-col-lg-2 gutters-col-md-2 gutters-col-0 gutters-col-v-lg-2 gutters-col-v-md-2 gutters-col-v-2\">\n          <!---->\n          <div class=\"h-column h-column-container d-flex h-col-lg-auto h-col-md-auto h-col-auto style-913-outer style-local-105-c14-outer\">\n            <div data-colibri-id=\"105-c14\" class=\"d-flex h-flex-basis h-column__inner h-px-lg-2 h-px-md-2 h-px-2 v-inner-lg-2 v-inner-md-2 v-inner-2 style-913 style-local-105-c14 position-relative\">\n              <!---->\n              <!---->\n              <div class=\"w-100 h-y-container h-column__content h-column__v-align flex-basis-100 align-self-lg-start align-self-md-start align-self-start\">\n                <!---->\n                <div data-colibri-id=\"105-c15\" class=\"h-text h-text-component style-476 style-local-105-c15 position-relative h-element\">\n                  <!---->\n                  <!---->\n                  <div class=\"\">\n                    <p><span style=\"font-weight: 600;\">Donazioni dall'UE in EUR:<\/span><\/p>\n                    <p>IBAN: CH98 0077 7004 1637 7204 3\n                      <br>Kantonalbank Schwyz, CH-6343 Rotkreuz\n                      <br>SWIFT: KBSZCH22\n                      <br>A favore di: La Buona Novella GmbH, CH-6343 Rotkreuz<\/p>\n                    <p>\n                      <br>\n                    <\/p>\n                    <p><span style=\"font-weight: 600;\">Donazioni in tutto il mondo in USD:<\/span><\/p>\n                    <p>IBAN: CH71 0077 7004 1637 7214 1\n                      <br>Kantonalbank Schwyz, CH-6343 Rotkreuz\n                      <br>SWIFT: KBSZCH22\n                      <br>A favore di: La Buona Novella GmbH, CH-6343 Rotkreuz<\/p>\n                    <p>\n                      <br>\n                    <\/p>\n                    <p><span style=\"font-weight: 600;\">Gerne senden wir Ihnen Ende des Jahres eine Spendenbest\u00e4tigung zu, wenn Sie uns Ihre Adresse in der Zahlungsmitteilung hinterlassen. <br>Bitte geben Sie auch den Zahlungszweck \u201eBibelspende\u201c an.<\/span><\/p>\n                  <\/div>\n                <\/div>\n              <\/div>\n            <\/div>\n          <\/div>\n        <\/div>\n      <\/div>\n      <div data-colibri-id=\"105-c16\" class=\"h-row-container gutters-row-lg-2 gutters-row-md-2 gutters-row-0 gutters-row-v-lg-2 gutters-row-v-md-2 gutters-row-v-2 style-906 style-local-105-c16 position-relative\">\n        <!---->\n        <div class=\"h-row justify-content-lg-center justify-content-md-center justify-content-center align-items-lg-stretch align-items-md-stretch align-items-stretch gutters-col-lg-2 gutters-col-md-2 gutters-col-0 gutters-col-v-lg-2 gutters-col-v-md-2 gutters-col-v-2\">\n          <!---->\n          <div class=\"h-column h-column-container d-flex h-col-lg-auto h-col-md-auto h-col-auto style-907-outer style-local-105-c17-outer\">\n            <div data-colibri-id=\"105-c17\" class=\"d-flex h-flex-basis h-column__inner h-px-lg-2 h-px-md-2 h-px-2 v-inner-lg-2 v-inner-md-2 v-inner-2 style-907 style-local-105-c17 position-relative\">\n              <!---->\n              <!---->\n              <div class=\"w-100 h-y-container h-column__content h-column__v-align flex-basis-100 align-self-lg-start align-self-md-start align-self-start\">\n                <!---->\n                <div data-colibri-id=\"105-c18\" class=\"h-global-transition-all h-heading style-477 style-local-105-c18 position-relative h-element\">\n                  <!---->\n                  <div class=\"h-heading__outer style-477 style-local-105-c18\">\n                    <!---->\n                    <!---->\n                    <h1 class=\"\"><span style=\"font-size: 75%;\">GRAZIE DI CUORE PER LA TUA DONAZIONE!<\/span><\/h1>\n                  <\/div>\n                <\/div>\n              <\/div>\n            <\/div>\n          <\/div>\n        <\/div>\n      <\/div>\n    <\/div>\n  <\/div>\n  <div data-colibri-component=\"section\" data-colibri-id=\"105-c23\" id=\"counters\" class=\"h-section h-section-global-spacing d-flex align-items-lg-center align-items-md-center align-items-center style-480 style-local-105-c23 position-relative\">\n    <!---->\n    <!---->\n    <div class=\"h-section-grid-container h-section-boxed-container\">\n      <div data-colibri-id=\"105-c32\" class=\"h-row-container gutters-row-lg-2 gutters-row-md-2 gutters-row-2 gutters-row-v-lg-2 gutters-row-v-md-2 gutters-row-v-2 style-491 style-local-105-c32 position-relative\">\n        <!---->\n        <div class=\"h-row justify-content-lg-center justify-content-md-center justify-content-center align-items-lg-stretch align-items-md-stretch align-items-stretch gutters-col-lg-2 gutters-col-md-2 gutters-col-2 gutters-col-v-lg-2 gutters-col-v-md-2 gutters-col-v-2\">\n          <!---->\n          <div class=\"h-column h-column-container d-flex h-col-lg-auto h-col-md-auto h-col-auto style-492-outer style-local-105-c33-outer\">\n            <div data-colibri-id=\"105-c33\" class=\"d-flex h-flex-basis h-column__inner h-px-lg-2 h-px-md-2 h-px-2 v-inner-lg-2 v-inner-md-2 v-inner-2 style-492 style-local-105-c33 position-relative\">\n              <!---->\n              <!---->\n              <div class=\"w-100 h-y-container h-column__content h-column__v-align flex-basis-100 align-self-lg-start align-self-md-start align-self-start\">\n                <!---->\n                <div data-colibri-id=\"105-c34\" class=\"h-global-transition-all h-heading style-493 style-local-105-c34 position-relative h-element\">\n                  <!---->\n                  <div class=\"h-heading__outer style-493 style-local-105-c34\">\n                    <!---->\n                    <!---->\n                    <h2 class=\"\">Dalla fondazione fino ad oggi<\/h2>\n                  <\/div>\n                <\/div>\n              <\/div>\n            <\/div>\n          <\/div>\n        <\/div>\n      <\/div>\n      <div data-colibri-id=\"105-c24\" class=\"h-row-container gutters-row-lg-2 gutters-row-md-2 gutters-row-2 gutters-row-v-lg-2 gutters-row-v-md-2 gutters-row-v-2 style-481 style-local-105-c24 position-relative\">\n        <!---->\n        <div class=\"h-row justify-content-lg-center justify-content-md-center justify-content-center align-items-lg-stretch align-items-md-stretch align-items-stretch gutters-col-lg-2 gutters-col-md-2 gutters-col-2 gutters-col-v-lg-2 gutters-col-v-md-2 gutters-col-v-2\">\n          <!---->\n          <div class=\"h-column h-column-container d-flex h-col-lg-auto h-col-md-auto h-col-auto style-482-outer style-local-105-c25-outer\">\n            <div data-colibri-id=\"105-c25\" class=\"d-flex h-flex-basis h-column__inner h-px-lg-2 h-px-md-2 h-px-2 v-inner-lg-2 v-inner-md-2 v-inner-2 style-482 style-local-105-c25 position-relative\">\n              <!---->\n              <!---->\n              <div class=\"w-100 h-y-container h-column__content h-column__v-align flex-basis-100 align-self-lg-center align-self-md-center align-self-center\">\n                <!---->\n                <div data-colibri-component=\"counter\" data-colibri-id=\"105-c26\" class=\"h-counter style-483 style-local-105-c26 position-relative h-element\">\n                  <!---->\n                  <div class=\"d-inline-block container-counters\">\n                    <!---->\n                    <div class=\"title-counter-bar\">\n                      <div class=\"title-bar counter-title d-inline-block\">\n                        In anni\n                      <\/div> <span class=\"h-counter-control bar-counter d-inline-block same-row-with-title colibri-counter-1\">\n  0\n<\/span><\/div>\n                    <div class=\"counter-container d-flex justify-content-lg-start justify-content-md-start justify-content-start\">\n                      <!---->\n                      <div class=\"div-progress-bar h-bar-progress colibri-counter-5\" style=\"width: 400px;\">\n                        <div class=\"progress\" style=\"background-color: rgba(0, 90, 125, 0.83); height: 15px;\">\n                          <div role=\"progressbar\" aria-valuenow=\"progress\" aria-valuemin=\"0\" aria-valuemax=\"100\" class=\"progress-bar progress-bar__animation hide-animation\" style=\"max-width: 55%; background-color: rgb(0, 65, 88); animation-duration: 2s;\"><\/div>\n                        <\/div>\n                        <div class=\"progress-number\"><\/div>\n                      <\/div>\n                    <\/div>\n                  <\/div>\n                <\/div>\n                <div data-colibri-component=\"counter\" data-colibri-id=\"105-c27\" class=\"h-counter style-484 style-local-105-c27 position-relative h-element\">\n                  <!---->\n                  <div class=\"d-inline-block container-counters\">\n                    <!---->\n                    <div class=\"title-counter-bar\">\n                      <div class=\"title-bar counter-title d-inline-block\">\n                        In mesi\n                      <\/div> <span class=\"h-counter-control bar-counter d-inline-block same-row-with-title colibri-counter-1\">\n  0\n<\/span><\/div>\n                    <div class=\"counter-container d-flex justify-content-lg-start justify-content-md-start justify-content-start\">\n                      <!---->\n                      <div class=\"div-progress-bar h-bar-progress colibri-counter-5\" style=\"width: 400px;\">\n                        <div class=\"progress\" style=\"background-color: rgba(206, 174, 115, 0.68); height: 15px;\">\n                          <div role=\"progressbar\" aria-valuenow=\"progress\" aria-valuemin=\"0\" aria-valuemax=\"100\" class=\"progress-bar progress-bar__animation hide-animation\" style=\"max-width: 55%; background-color: rgb(206, 174, 115); animation-duration: 2s;\"><\/div>\n                        <\/div>\n                        <div class=\"progress-number\"><\/div>\n                      <\/div>\n                    <\/div>\n                  <\/div>\n                <\/div>\n                <div data-colibri-component=\"counter\" data-colibri-id=\"105-c28\" class=\"h-counter style-485 style-local-105-c28 position-relative h-element\">\n                  <!---->\n                  <div class=\"d-inline-block container-counters\">\n                    <!---->\n                    <div class=\"title-counter-bar\">\n                      <div class=\"title-bar counter-title d-inline-block\">\n                        In giorni\n                      <\/div> <span class=\"h-counter-control bar-counter d-inline-block same-row-with-title colibri-counter-1\">\n  0\n<\/span><\/div>\n                    <div class=\"counter-container d-flex justify-content-lg-start justify-content-md-start justify-content-start\">\n                      <!---->\n                      <div class=\"div-progress-bar h-bar-progress colibri-counter-5\" style=\"width: 400px;\">\n                        <div class=\"progress\" style=\"background-color: rgba(0, 90, 125, 0.69); height: 15px;\">\n                          <div role=\"progressbar\" aria-valuenow=\"progress\" aria-valuemin=\"0\" aria-valuemax=\"100\" class=\"progress-bar progress-bar__animation hide-animation\" style=\"max-width: 55%; background-color: rgb(0, 90, 125); animation-duration: 2s;\"><\/div>\n                        <\/div>\n                        <div class=\"progress-number\"><\/div>\n                      <\/div>\n                    <\/div>\n                  <\/div>\n                <\/div>\n                <div data-colibri-component=\"counter\" data-colibri-id=\"105-c29\" class=\"h-counter style-486 style-local-105-c29 position-relative h-element\">\n                  <!---->\n                  <div class=\"d-inline-block container-counters\">\n                    <!---->\n                    <div class=\"title-counter-bar\">\n                      <div class=\"title-bar counter-title d-inline-block\">\n                        In ore\n                      <\/div> <span class=\"h-counter-control bar-counter d-inline-block same-row-with-title colibri-counter-1\">\n  0\n<\/span><\/div>\n                    <div class=\"counter-container d-flex justify-content-lg-start justify-content-md-start justify-content-start\">\n                      <!---->\n                      <div class=\"div-progress-bar h-bar-progress colibri-counter-5\" style=\"width: 400px;\">\n                        <div class=\"progress\" style=\"background-color: rgba(240, 224, 193, 0.55); height: 15px;\">\n                          <div role=\"progressbar\" aria-valuenow=\"progress\" aria-valuemin=\"0\" aria-valuemax=\"100\" class=\"progress-bar progress-bar__animation hide-animation\" style=\"max-width: 55%; background-color: rgb(240, 224, 193); animation-duration: 2s;\"><\/div>\n                        <\/div>\n                        <div class=\"progress-number\"><\/div>\n                      <\/div>\n                    <\/div>\n                  <\/div>\n                <\/div>\n              <\/div>\n            <\/div>\n          <\/div>\n          <div class=\"h-column h-column-container d-flex h-col-lg-auto h-col-md-auto h-col-auto style-487-outer style-local-105-c30-outer\">\n            <div data-colibri-id=\"105-c30\" class=\"d-flex h-flex-basis h-column__inner h-px-lg-2 h-px-md-2 h-px-2 v-inner-lg-2 v-inner-md-2 v-inner-2 style-487 style-local-105-c30 position-relative\">\n              <!---->\n              <!---->\n              <div class=\"w-100 h-y-container h-column__content h-column__v-align flex-basis-100 align-self-lg-center align-self-md-center align-self-center\">\n                <!---->\n                <div data-colibri-id=\"105-c31\" class=\"h-global-transition-all h-heading style-489 style-local-105-c31 position-relative h-element\">\n                  <!---->\n                  <div class=\"h-heading__outer style-489 style-local-105-c31\">\n                    <!---->\n                    <!---->\n                    <h3 class=\"\">La Buona Novella Inc.<\/h3>\n                  <\/div>\n                <\/div>\n              <\/div>\n            <\/div>\n          <\/div>\n        <\/div>\n      <\/div>\n    <\/div>\n  <\/div>\n<\/div>","protected":false},"excerpt":{"rendered":"<p>Mit Ihrer Spende unterst\u00fctzen Sie die christliche Literaturarbeit der La Buona Novella GmbH. Vielen Dank f\u00fcr Ihre Hilfe, die Verbreitung der Bibel weltweit zu erm\u00f6glichen. SPENDENKONTO Spenden aus der Schweiz in CHF: IBAN: CH94 0077 7004 1637 7104 8 Kantonalbank Schwyz, CH-6343 Rotkreuz zu Gunsten: La Buona Novella GmbH, CH-6343 Rotkreuz Spenden aus der EU [&hellip;]<\/p>","protected":false},"author":2,"featured_media":0,"parent":0,"menu_order":0,"comment_status":"closed","ping_status":"closed","template":"page-templates\/full-width-page.php","meta":{"footnotes":""},"class_list":["post-105","page","type-page","status-publish","hentry"],"_links":{"self":[{"href":"https:\/\/buonanovella.com\/verlag\/it\/wp-json\/wp\/v2\/pages\/105","targetHints":{"allow":["GET"]}}],"collection":[{"href":"https:\/\/buonanovella.com\/verlag\/it\/wp-json\/wp\/v2\/pages"}],"about":[{"href":"https:\/\/buonanovella.com\/verlag\/it\/wp-json\/wp\/v2\/types\/page"}],"author":[{"embeddable":true,"href":"https:\/\/buonanovella.com\/verlag\/it\/wp-json\/wp\/v2\/users\/2"}],"replies":[{"embeddable":true,"href":"https:\/\/buonanovella.com\/verlag\/it\/wp-json\/wp\/v2\/comments?post=105"}],"version-history":[{"count":19,"href":"https:\/\/buonanovella.com\/verlag\/it\/wp-json\/wp\/v2\/pages\/105\/revisions"}],"predecessor-version":[{"id":2206,"href":"https:\/\/buonanovella.com\/verlag\/it\/wp-json\/wp\/v2\/pages\/105\/revisions\/2206"}],"wp:attachment":[{"href":"https:\/\/buonanovella.com\/verlag\/it\/wp-json\/wp\/v2\/media?parent=105"}],"curies":[{"name":"wp","href":"https:\/\/api.w.org\/{rel}","templated":true}]}}